{"id":7019,"date":"2021-04-20T20:36:01","date_gmt":"2021-04-20T20:36:01","guid":{"rendered":"https:\/\/drave.escutismo.pt\/the-village\/the-martins-of-drave\/"},"modified":"2026-03-27T13:15:32","modified_gmt":"2026-03-27T13:15:32","slug":"the-martins-of-drave","status":"publish","type":"page","link":"https:\/\/drave.escutismo.pt\/en\/the-village\/the-martins-of-drave\/","title":{"rendered":"The Martins of Drave"},"content":{"rendered":"\t\t<div data-elementor-type=\"wp-page\" data-elementor-id=\"7019\" class=\"elementor elementor-7019 elementor-1511\" data-elementor-post-type=\"page\">\n\t\t\t\t\t\t<section class=\"elementor-section elementor-top-section elementor-element elementor-element-1c0f859 elementor-section-boxed elementor-section-height-default elementor-section-height-default\" data-id=\"1c0f859\" data-element_type=\"section\" data-e-type=\"section\">\n\t\t\t\t\t\t<div class=\"elementor-container elementor-column-gap-default\">\n\t\t\t\t\t<div class=\"elementor-column elementor-col-100 elementor-top-column elementor-element elementor-element-3d7874a\" data-id=\"3d7874a\" data-element_type=\"column\" data-e-type=\"column\">\n\t\t\t<div class=\"elementor-widget-wrap elementor-element-populated\">\n\t\t\t\t\t\t<div class=\"elementor-element elementor-element-b3e2552 elementor-widget elementor-widget-template\" data-id=\"b3e2552\" data-element_type=\"widget\" data-e-type=\"widget\" data-widget_type=\"template.default\">\n\t\t\t\t<div class=\"elementor-widget-container\">\n\t\t\t\t\t\t\t<div class=\"elementor-template\">\n\t\t\t\t\t<div data-elementor-type=\"section\" data-elementor-id=\"5564\" class=\"elementor elementor-5564\" data-elementor-post-type=\"elementor_library\">\n\t\t\t\t\t<section class=\"elementor-section elementor-top-section elementor-element elementor-element-65c3cf6c elementor-section-boxed elementor-section-height-default elementor-section-height-default\" data-id=\"65c3cf6c\" data-element_type=\"section\" data-e-type=\"section\">\n\t\t\t\t\t\t<div class=\"elementor-container elementor-column-gap-default\">\n\t\t\t\t\t<div class=\"elementor-column elementor-col-100 elementor-top-column elementor-element elementor-element-6ba3811f\" data-id=\"6ba3811f\" data-element_type=\"column\" data-e-type=\"column\">\n\t\t\t<div class=\"elementor-widget-wrap elementor-element-populated\">\n\t\t\t\t\t\t<div class=\"elementor-element elementor-element-630d73b1 elementor-widget elementor-widget-template\" data-id=\"630d73b1\" data-element_type=\"widget\" data-e-type=\"widget\" data-widget_type=\"template.default\">\n\t\t\t\t<div class=\"elementor-widget-container\">\n\t\t\t\t\t\t\t<div class=\"elementor-template\">\n\t\t\t\t\t<div data-elementor-type=\"section\" data-elementor-id=\"5574\" class=\"elementor elementor-5574\" data-elementor-post-type=\"elementor_library\">\n\t\t\t\t\t<section class=\"elementor-section elementor-top-section elementor-element elementor-element-d54fa0a elementor-section-boxed elementor-section-height-default elementor-section-height-default\" data-id=\"d54fa0a\" data-element_type=\"section\" data-e-type=\"section\">\n\t\t\t\t\t\t<div class=\"elementor-container elementor-column-gap-default\">\n\t\t\t\t\t<div class=\"elementor-column elementor-col-100 elementor-top-column elementor-element elementor-element-35012aff\" data-id=\"35012aff\" data-element_type=\"column\" data-e-type=\"column\">\n\t\t\t<div class=\"elementor-widget-wrap elementor-element-populated\">\n\t\t\t\t\t\t<div class=\"elementor-element elementor-element-2afa0f4a elementor-widget elementor-widget-spacer\" data-id=\"2afa0f4a\" data-element_type=\"widget\" data-e-type=\"widget\" data-widget_type=\"spacer.default\">\n\t\t\t\t<div class=\"elementor-widget-container\">\n\t\t\t\t\t\t\t<div class=\"elementor-spacer\">\n\t\t\t<div class=\"elementor-spacer-inner\"><\/div>\n\t\t<\/div>\n\t\t\t\t\t\t<\/div>\n\t\t\t\t<\/div>\n\t\t\t\t\t<\/div>\n\t\t<\/div>\n\t\t\t\t\t<\/div>\n\t\t<\/section>\n\t\t\t\t<\/div>\n\t\t\t\t<\/div>\n\t\t\t\t\t\t<\/div>\n\t\t\t\t<\/div>\n\t\t\t\t<div class=\"elementor-element elementor-element-2b765bd8 elementor-widget elementor-widget-image\" data-id=\"2b765bd8\" data-element_type=\"widget\" data-e-type=\"widget\" data-widget_type=\"image.default\">\n\t\t\t\t<div class=\"elementor-widget-container\">\n\t\t\t\t\t\t\t\t\t\t\t\t\t\t\t<img fetchpriority=\"high\" decoding=\"async\" width=\"2048\" height=\"1276\" src=\"https:\/\/drave.escutismo.pt\/wp-content\/uploads\/sites\/5\/2021\/04\/20190920_101141-2048x1276.jpg\" class=\"attachment-2048x2048 size-2048x2048 wp-image-5322\" alt=\"\" srcset=\"https:\/\/drave.escutismo.pt\/wp-content\/uploads\/sites\/5\/2021\/04\/20190920_101141-2048x1276.jpg 2048w, https:\/\/drave.escutismo.pt\/wp-content\/uploads\/sites\/5\/2021\/04\/20190920_101141-300x187.jpg 300w, https:\/\/drave.escutismo.pt\/wp-content\/uploads\/sites\/5\/2021\/04\/20190920_101141-1024x638.jpg 1024w, https:\/\/drave.escutismo.pt\/wp-content\/uploads\/sites\/5\/2021\/04\/20190920_101141-768x478.jpg 768w, https:\/\/drave.escutismo.pt\/wp-content\/uploads\/sites\/5\/2021\/04\/20190920_101141-1536x957.jpg 1536w\" sizes=\"(max-width: 2048px) 100vw, 2048px\" \/>\t\t\t\t\t\t\t\t\t\t\t\t\t\t\t<\/div>\n\t\t\t\t<\/div>\n\t\t\t\t<div class=\"elementor-element elementor-element-7e6236be elementor-widget elementor-widget-template\" data-id=\"7e6236be\" data-element_type=\"widget\" data-e-type=\"widget\" data-widget_type=\"template.default\">\n\t\t\t\t<div class=\"elementor-widget-container\">\n\t\t\t\t\t\t\t<div class=\"elementor-template\">\n\t\t\t\t\t<div data-elementor-type=\"section\" data-elementor-id=\"4059\" class=\"elementor elementor-4059\" data-elementor-post-type=\"elementor_library\">\n\t\t\t\t\t<section class=\"elementor-section elementor-top-section elementor-element elementor-element-ee40430 elementor-section-boxed elementor-section-height-default elementor-section-height-default\" data-id=\"ee40430\" data-element_type=\"section\" data-e-type=\"section\">\n\t\t\t\t\t\t<div class=\"elementor-container elementor-column-gap-default\">\n\t\t\t\t\t<div class=\"elementor-column elementor-col-100 elementor-top-column elementor-element elementor-element-7af6b7c1\" data-id=\"7af6b7c1\" data-element_type=\"column\" data-e-type=\"column\">\n\t\t\t<div class=\"elementor-widget-wrap elementor-element-populated\">\n\t\t\t\t\t\t<div class=\"elementor-element elementor-element-8f8e961 elementor-widget elementor-widget-spacer\" data-id=\"8f8e961\" data-element_type=\"widget\" data-e-type=\"widget\" data-widget_type=\"spacer.default\">\n\t\t\t\t<div class=\"elementor-widget-container\">\n\t\t\t\t\t\t\t<div class=\"elementor-spacer\">\n\t\t\t<div class=\"elementor-spacer-inner\"><\/div>\n\t\t<\/div>\n\t\t\t\t\t\t<\/div>\n\t\t\t\t<\/div>\n\t\t\t\t\t<\/div>\n\t\t<\/div>\n\t\t\t\t\t<\/div>\n\t\t<\/section>\n\t\t\t\t<\/div>\n\t\t\t\t<\/div>\n\t\t\t\t\t\t<\/div>\n\t\t\t\t<\/div>\n\t\t\t\t\t<\/div>\n\t\t<\/div>\n\t\t\t\t\t<\/div>\n\t\t<\/section>\n\t\t\t\t<\/div>\n\t\t\t\t<\/div>\n\t\t\t\t\t\t<\/div>\n\t\t\t\t<\/div>\n\t\t\t\t\t<\/div>\n\t\t<\/div>\n\t\t\t\t\t<\/div>\n\t\t<\/section>\n\t\t\t\t<section class=\"elementor-section elementor-top-section elementor-element elementor-element-383f66a elementor-section-boxed elementor-section-height-default elementor-section-height-default\" data-id=\"383f66a\" data-element_type=\"section\" data-e-type=\"section\">\n\t\t\t\t\t\t<div class=\"elementor-container elementor-column-gap-default\">\n\t\t\t\t\t<div class=\"elementor-column elementor-col-100 elementor-top-column elementor-element elementor-element-a9c597c\" data-id=\"a9c597c\" data-element_type=\"column\" data-e-type=\"column\">\n\t\t\t<div class=\"elementor-widget-wrap elementor-element-populated\">\n\t\t\t\t\t\t<div class=\"elementor-element elementor-element-277ee13 elementor-widget elementor-widget-text-editor\" data-id=\"277ee13\" data-element_type=\"widget\" data-e-type=\"widget\" data-widget_type=\"text-editor.default\">\n\t\t\t\t<div class=\"elementor-widget-container\">\n\t\t\t\t\t\t\t\t\t<p>Drave was the cradle of the Martins family, the Martins of Drave, a very large family of long-standing origins. In 1946, Father Jo\u00e3o Nepomuceno de Almeida Martins took the initiative to hold the first family reunion here, bringing more than 500 relatives to Drave. Since then, this gathering has been held every two years, and a family monograph has already been published.&nbsp;<\/p>\t\t\t\t\t\t\t\t<\/div>\n\t\t\t\t<\/div>\n\t\t\t\t<div class=\"elementor-element elementor-element-2ab545a elementor-widget elementor-widget-text-editor\" data-id=\"2ab545a\" data-element_type=\"widget\" data-e-type=\"widget\" data-widget_type=\"text-editor.default\">\n\t\t\t\t<div class=\"elementor-widget-container\">\n\t\t\t\t\t\t\t\t\t<p>The family tree of this family goes back to Francisco Martins I (18th century), about whom very little is known. There is no record of earlier generations, although many Martins are known who claim descent from Drave but cannot be linked into this family\u2019s main genealogical tree. <\/p><p>About Francisco Martins II, it is known that he had ten children, and all of them married into relatively well-off families. He died more than 150 years ago in the family manor (Solar dos Martins), and it was he, together with others, much older and now unknown, who helped build a large part of the village. <\/p><p>Naturally, the settlement was not limited to the Martins family; although it was the dominant one, many people were drawn to the area. This attraction was mainly due to the existence of mines near Drave, as well as the possibility of acquiring land and raising livestock. Others came to Drave through marriage. In this way, the village grew: more houses were built, more land was reclaimed for cultivation, flocks increased, and so on.    <\/p><p>A community once lived here that worked as farmers, shepherds, and miners. But over time, and with the decline of the mines, the village became increasingly depopulated. People left in search of a better life, homes with more comfort, better access, improved economic conditions, among other reasons.<br>These people, especially the Martins, spread far and wide: S\u00e3o Pedro do Sul, Vouzela, Oliveira de Frades, Arouca, Castro Daire, Viseu, Tondela, Porto, Lisbon, \u00c1gueda, Bragan\u00e7a, as well as Africa and Brazil. The migration was such that, by the early 1990s, only four inhabitants remained in the village, divided into two couples. One of those couples, Mr. Ant\u00f3nio and Mrs. Albertina, left in 1991, and Mr. Joaquim and Mrs. Aninhas stayed behind. Mrs. Aninhas died in 1999, forcing Mr. Joaquim to move to Regoufe, where he died in early 2005. <\/p><p>Every year, the Martins gather in Drave on 15 August for the village feast day, in honour of Nossa Senhora da Sa\u00fade.<\/p>\t\t\t\t\t\t\t\t<\/div>\n\t\t\t\t<\/div>\n\t\t\t\t\t<\/div>\n\t\t<\/div>\n\t\t\t\t\t<\/div>\n\t\t<\/section>\n\t\t\t\t<\/div>\n\t\t","protected":false},"excerpt":{"rendered":"<p>Drave was the cradle of the Martins family, the Martins of Drave, a very large family of long-standing origins. In 1946, Father Jo\u00e3o Nepomuceno de Almeida Martins took the initiative to hold the first family reunion here, bringing more than 500 relatives to Drave. Since then, this gathering has been held every two years, and [&hellip;]<\/p>\n","protected":false},"author":11,"featured_media":5322,"parent":5326,"menu_order":0,"comment_status":"closed","ping_status":"closed","template":"elementor_header_footer","meta":{"_monsterinsights_skip_tracking":false,"_monsterinsights_sitenote_active":false,"_monsterinsights_sitenote_note":"","_monsterinsights_sitenote_category":0,"footnotes":""},"class_list":["post-7019","page","type-page","status-publish","has-post-thumbnail","hentry"],"_links":{"self":[{"href":"https:\/\/drave.escutismo.pt\/en\/wp-json\/wp\/v2\/pages\/7019","targetHints":{"allow":["GET"]}}],"collection":[{"href":"https:\/\/drave.escutismo.pt\/en\/wp-json\/wp\/v2\/pages"}],"about":[{"href":"https:\/\/drave.escutismo.pt\/en\/wp-json\/wp\/v2\/types\/page"}],"author":[{"embeddable":true,"href":"https:\/\/drave.escutismo.pt\/en\/wp-json\/wp\/v2\/users\/11"}],"replies":[{"embeddable":true,"href":"https:\/\/drave.escutismo.pt\/en\/wp-json\/wp\/v2\/comments?post=7019"}],"version-history":[{"count":5,"href":"https:\/\/drave.escutismo.pt\/en\/wp-json\/wp\/v2\/pages\/7019\/revisions"}],"predecessor-version":[{"id":7320,"href":"https:\/\/drave.escutismo.pt\/en\/wp-json\/wp\/v2\/pages\/7019\/revisions\/7320"}],"up":[{"embeddable":true,"href":"https:\/\/drave.escutismo.pt\/en\/wp-json\/wp\/v2\/pages\/5326"}],"wp:featuredmedia":[{"embeddable":true,"href":"https:\/\/drave.escutismo.pt\/en\/wp-json\/wp\/v2\/media\/5322"}],"wp:attachment":[{"href":"https:\/\/drave.escutismo.pt\/en\/wp-json\/wp\/v2\/media?parent=7019"}],"curies":[{"name":"wp","href":"https:\/\/api.w.org\/{rel}","templated":true}]}}